{"id":337,"date":"2025-02-18T21:15:59","date_gmt":"2025-02-18T21:15:59","guid":{"rendered":"https:\/\/taconsentio.comercioperemaria.com\/?post_type=product&#038;p=337"},"modified":"2025-02-18T21:34:14","modified_gmt":"2025-02-18T21:34:14","slug":"racion-de-patatas-crujientes-y-deliciosas-en-benidorm","status":"publish","type":"product","link":"https:\/\/taconsentio.comercioperemaria.com\/en\/product\/racion-de-patatas-crujientes-y-deliciosas-en-benidorm\/","title":{"rendered":"Raci\u00f3n de patatas"},"content":{"rendered":"<p data-start=\"0\" data-end=\"76\"><strong data-start=\"0\" data-end=\"74\">Raci\u00f3n de Patatas de Taconsentio | Crujientes y Deliciosas en Benidorm<\/strong><\/p>\n<p data-start=\"78\" data-end=\"383\">Acompa\u00f1a tu comida con nuestra <strong data-start=\"109\" data-end=\"130\">raci\u00f3n de patatas<\/strong>, el complemento perfecto para disfrutar a\u00fan m\u00e1s de tu experiencia en Taconsentio. Crujientes por fuera, tiernas por dentro y servidas con nuestras salsas exclusivas, est\u00e1n elaboradas con patatas seleccionadas para garantizar el mejor sabor y textura.<\/p>\n<p data-start=\"385\" data-end=\"634\">Ideales para compartir o para darte un capricho, nuestras patatas combinan a la perfecci\u00f3n con cualquier taco de nuestro men\u00fa. Disponibles en nuestro local en <strong data-start=\"544\" data-end=\"556\">Benidorm<\/strong>, son la opci\u00f3n perfecta para quienes buscan un acompa\u00f1amiento irresistible.<\/p>\n<p data-start=\"636\" data-end=\"711\" data-is-last-node=\"\">\u00a1Prueba las mejores <strong data-start=\"656\" data-end=\"690\">patatas crujientes en Benidorm<\/strong> solo en Taconsentio!<\/p>","protected":false},"excerpt":{"rendered":"<p>Raci\u00f3n de Patatas de Taconsentio | Crujientes y Deliciosas en Benidorm Acompa\u00f1a tu comida con nuestra raci\u00f3n de patatas, el &hellip; <\/p>","protected":false},"featured_media":338,"comment_status":"open","ping_status":"closed","template":"","meta":[],"product_brand":[],"product_cat":[16],"product_tag":[],"class_list":{"0":"post-337","1":"product","2":"type-product","3":"status-publish","4":"has-post-thumbnail","6":"product_cat-sin-categorizar","8":"first","9":"instock","10":"shipping-taxable","11":"purchasable","12":"product-type-simple"},"_links":{"self":[{"href":"https:\/\/taconsentio.comercioperemaria.com\/en\/wp-json\/wp\/v2\/product\/337","targetHints":{"allow":["GET"]}}],"collection":[{"href":"https:\/\/taconsentio.comercioperemaria.com\/en\/wp-json\/wp\/v2\/product"}],"about":[{"href":"https:\/\/taconsentio.comercioperemaria.com\/en\/wp-json\/wp\/v2\/types\/product"}],"replies":[{"embeddable":true,"href":"https:\/\/taconsentio.comercioperemaria.com\/en\/wp-json\/wp\/v2\/comments?post=337"}],"wp:featuredmedia":[{"embeddable":true,"href":"https:\/\/taconsentio.comercioperemaria.com\/en\/wp-json\/wp\/v2\/media\/338"}],"wp:attachment":[{"href":"https:\/\/taconsentio.comercioperemaria.com\/en\/wp-json\/wp\/v2\/media?parent=337"}],"wp:term":[{"taxonomy":"product_brand","embeddable":true,"href":"https:\/\/taconsentio.comercioperemaria.com\/en\/wp-json\/wp\/v2\/product_brand?post=337"},{"taxonomy":"product_cat","embeddable":true,"href":"https:\/\/taconsentio.comercioperemaria.com\/en\/wp-json\/wp\/v2\/product_cat?post=337"},{"taxonomy":"product_tag","embeddable":true,"href":"https:\/\/taconsentio.comercioperemaria.com\/en\/wp-json\/wp\/v2\/product_tag?post=337"}],"curies":[{"name":"wp","href":"https:\/\/api.w.org\/{rel}","templated":true}]}}