{"id":336,"date":"2025-02-18T21:21:33","date_gmt":"2025-02-18T21:21:33","guid":{"rendered":"https:\/\/taconsentio.comercioperemaria.com\/?post_type=product&#038;p=336"},"modified":"2025-10-15T08:09:11","modified_gmt":"2025-10-15T08:09:11","slug":"menu-premium-de-taconsentio-sabor-completo-en-benidorm","status":"publish","type":"product","link":"https:\/\/taconsentio.comercioperemaria.com\/en\/product\/menu-premium-de-taconsentio-sabor-completo-en-benidorm\/","title":{"rendered":"Men\u00fa Premium"},"content":{"rendered":"<p data-start=\"0\" data-end=\"62\"><strong data-start=\"0\" data-end=\"60\">Men\u00fa Premium de Taconsentio | Sabor Completo en Benidorm<\/strong><\/p>\n<p data-start=\"64\" data-end=\"434\">Disfruta de una experiencia gastron\u00f3mica \u00fanica con nuestro <strong data-start=\"123\" data-end=\"139\">Men\u00fa Premium<\/strong>, la opci\u00f3n perfecta para quienes buscan calidad y sabor en cada bocado. Incluye un delicioso <strong data-start=\"233\" data-end=\"249\">Taco Premium<\/strong>, elaborado con ingredientes frescos y una combinaci\u00f3n exclusiva de sabores, acompa\u00f1ado de una <strong data-start=\"344\" data-end=\"394\">raci\u00f3n de patatas crujientes o ensalada fresca<\/strong> y tu elecci\u00f3n de <strong data-start=\"412\" data-end=\"431\">refresco o agua<\/strong>.<\/p>\n<p data-start=\"436\" data-end=\"696\">Ideal para quienes quieren una comida completa y equilibrada, nuestro Men\u00fa Premium est\u00e1 dise\u00f1ado para satisfacer hasta los paladares m\u00e1s exigentes. Ven a <strong data-start=\"590\" data-end=\"617\">Taconsentio en Benidorm<\/strong> y descubre el mejor men\u00fa de tacos con el toque gourmet que estabas buscando.<\/p>\n<p data-start=\"698\" data-end=\"777\" data-is-last-node=\"\">\u00a1Prueba el aut\u00e9ntico <strong data-start=\"719\" data-end=\"756\">men\u00fa de tacos gourmet en Benidorm<\/strong> solo en Taconsentio!<\/p>","protected":false},"excerpt":{"rendered":"<p>Disfruta de una experiencia gastron\u00f3mica \u00fanica con nuestro <strong data-start=\"123\" data-end=\"139\">Men\u00fa Premium<\/strong>, la opci\u00f3n perfecta para quienes buscan calidad y sabor en cada bocado. Incluye un delicioso <strong data-start=\"233\" data-end=\"249\">Taco Premium<\/strong>, elaborado con ingredientes frescos y una combinaci\u00f3n exclusiva de sabores, acompa\u00f1ado de una <strong data-start=\"344\" data-end=\"394\">raci\u00f3n de patatas crujientes o ensalada fresca<\/strong> y tu elecci\u00f3n de <strong data-start=\"412\" data-end=\"431\">refresco o agua<\/strong>.<\/p>","protected":false},"featured_media":47,"comment_status":"open","ping_status":"closed","template":"","meta":[],"product_brand":[],"product_cat":[21],"product_tag":[],"class_list":{"0":"post-336","1":"product","2":"type-product","3":"status-publish","4":"has-post-thumbnail","6":"product_cat-menu","8":"first","9":"instock","10":"shipping-taxable","11":"purchasable","12":"product-type-simple"},"_links":{"self":[{"href":"https:\/\/taconsentio.comercioperemaria.com\/en\/wp-json\/wp\/v2\/product\/336","targetHints":{"allow":["GET"]}}],"collection":[{"href":"https:\/\/taconsentio.comercioperemaria.com\/en\/wp-json\/wp\/v2\/product"}],"about":[{"href":"https:\/\/taconsentio.comercioperemaria.com\/en\/wp-json\/wp\/v2\/types\/product"}],"replies":[{"embeddable":true,"href":"https:\/\/taconsentio.comercioperemaria.com\/en\/wp-json\/wp\/v2\/comments?post=336"}],"wp:featuredmedia":[{"embeddable":true,"href":"https:\/\/taconsentio.comercioperemaria.com\/en\/wp-json\/wp\/v2\/media\/47"}],"wp:attachment":[{"href":"https:\/\/taconsentio.comercioperemaria.com\/en\/wp-json\/wp\/v2\/media?parent=336"}],"wp:term":[{"taxonomy":"product_brand","embeddable":true,"href":"https:\/\/taconsentio.comercioperemaria.com\/en\/wp-json\/wp\/v2\/product_brand?post=336"},{"taxonomy":"product_cat","embeddable":true,"href":"https:\/\/taconsentio.comercioperemaria.com\/en\/wp-json\/wp\/v2\/product_cat?post=336"},{"taxonomy":"product_tag","embeddable":true,"href":"https:\/\/taconsentio.comercioperemaria.com\/en\/wp-json\/wp\/v2\/product_tag?post=336"}],"curies":[{"name":"wp","href":"https:\/\/api.w.org\/{rel}","templated":true}]}}