{"id":332,"date":"2025-02-18T19:12:58","date_gmt":"2025-02-18T19:12:58","guid":{"rendered":"https:\/\/taconsentio.comercioperemaria.com\/?post_type=product&#038;p=332"},"modified":"2025-10-15T08:10:27","modified_gmt":"2025-10-15T08:10:27","slug":"menu-clasico-de-taconsentio-sabor-equilibrado-en-benidorm","status":"publish","type":"product","link":"https:\/\/taconsentio.comercioperemaria.com\/en\/product\/menu-clasico-de-taconsentio-sabor-equilibrado-en-benidorm\/","title":{"rendered":"Men\u00fa cl\u00e1sico"},"content":{"rendered":"<p data-start=\"0\" data-end=\"65\"><strong data-start=\"0\" data-end=\"63\">Men\u00fa Cl\u00e1sico de Taconsentio | Sabor Equilibrado en Benidorm<\/strong><\/p>\n<p data-start=\"67\" data-end=\"420\">Disfruta de un men\u00fa completo y delicioso con nuestro <strong data-start=\"120\" data-end=\"136\">Men\u00fa Cl\u00e1sico<\/strong>, dise\u00f1ado para quienes buscan una comida r\u00e1pida pero llena de sabor. Incluye un <strong data-start=\"217\" data-end=\"233\">Taco Cl\u00e1sico<\/strong>, elaborado con ingredientes frescos y una combinaci\u00f3n equilibrada de sabores, acompa\u00f1ado de una <strong data-start=\"330\" data-end=\"380\">raci\u00f3n de patatas crujientes o ensalada fresca<\/strong> y tu elecci\u00f3n de <strong data-start=\"398\" data-end=\"417\">refresco o agua<\/strong>.<\/p>\n<p data-start=\"422\" data-end=\"678\">Perfecto para cualquier momento del d\u00eda, este men\u00fa es la opci\u00f3n ideal para quienes quieren disfrutar de un taco aut\u00e9ntico con el mejor acompa\u00f1amiento. Ven a <strong data-start=\"579\" data-end=\"606\">Taconsentio en Benidorm<\/strong> y descubre una nueva forma de disfrutar la comida r\u00e1pida con calidad.<\/p>\n<p data-start=\"680\" data-end=\"770\" data-is-last-node=\"\">\u00a1Prueba el mejor <strong data-start=\"697\" data-end=\"726\">men\u00fa de tacos en Benidorm<\/strong> y haz de cada bocado una experiencia \u00fanica!<\/p>","protected":false},"excerpt":{"rendered":"<p>Disfruta de un men\u00fa completo y delicioso con nuestro <strong data-start=\"120\" data-end=\"136\">Men\u00fa Cl\u00e1sico<\/strong>, dise\u00f1ado para quienes buscan una comida r\u00e1pida pero llena de sabor. Incluye un <strong data-start=\"217\" data-end=\"233\">Taco Cl\u00e1sico<\/strong>, elaborado con ingredientes frescos y una combinaci\u00f3n equilibrada de sabores, acompa\u00f1ado de una <strong data-start=\"330\" data-end=\"380\">raci\u00f3n de patatas crujientes o ensalada fresca<\/strong> y tu elecci\u00f3n de <strong data-start=\"398\" data-end=\"417\">refresco o agua<\/strong>.<\/p>","protected":false},"featured_media":42,"comment_status":"open","ping_status":"closed","template":"","meta":[],"product_brand":[],"product_cat":[21],"product_tag":[],"class_list":{"0":"post-332","1":"product","2":"type-product","3":"status-publish","4":"has-post-thumbnail","6":"product_cat-menu","8":"first","9":"instock","10":"shipping-taxable","11":"purchasable","12":"product-type-simple"},"_links":{"self":[{"href":"https:\/\/taconsentio.comercioperemaria.com\/en\/wp-json\/wp\/v2\/product\/332","targetHints":{"allow":["GET"]}}],"collection":[{"href":"https:\/\/taconsentio.comercioperemaria.com\/en\/wp-json\/wp\/v2\/product"}],"about":[{"href":"https:\/\/taconsentio.comercioperemaria.com\/en\/wp-json\/wp\/v2\/types\/product"}],"replies":[{"embeddable":true,"href":"https:\/\/taconsentio.comercioperemaria.com\/en\/wp-json\/wp\/v2\/comments?post=332"}],"wp:featuredmedia":[{"embeddable":true,"href":"https:\/\/taconsentio.comercioperemaria.com\/en\/wp-json\/wp\/v2\/media\/42"}],"wp:attachment":[{"href":"https:\/\/taconsentio.comercioperemaria.com\/en\/wp-json\/wp\/v2\/media?parent=332"}],"wp:term":[{"taxonomy":"product_brand","embeddable":true,"href":"https:\/\/taconsentio.comercioperemaria.com\/en\/wp-json\/wp\/v2\/product_brand?post=332"},{"taxonomy":"product_cat","embeddable":true,"href":"https:\/\/taconsentio.comercioperemaria.com\/en\/wp-json\/wp\/v2\/product_cat?post=332"},{"taxonomy":"product_tag","embeddable":true,"href":"https:\/\/taconsentio.comercioperemaria.com\/en\/wp-json\/wp\/v2\/product_tag?post=332"}],"curies":[{"name":"wp","href":"https:\/\/api.w.org\/{rel}","templated":true}]}}