{"id":331,"date":"2025-02-18T19:39:53","date_gmt":"2025-02-18T19:39:53","guid":{"rendered":"https:\/\/taconsentio.comercioperemaria.com\/?post_type=product&#038;p=331"},"modified":"2025-02-18T20:11:22","modified_gmt":"2025-02-18T20:11:22","slug":"taco-premium","status":"publish","type":"product","link":"https:\/\/taconsentio.comercioperemaria.com\/en\/product\/taco-premium\/","title":{"rendered":"Taco Premium"},"content":{"rendered":"<h2 data-start=\"0\" data-end=\"61\"><\/h2>\n<h2 data-start=\"0\" data-end=\"61\"><strong data-start=\"0\" data-end=\"59\">Taco Premium de Taconsentio<\/strong><\/h2>\n<p data-start=\"63\" data-end=\"441\">Descubre el <strong data-start=\"75\" data-end=\"106\">Taco Premium de Taconsentio<\/strong>, una combinaci\u00f3n \u00fanica de ingredientes frescos y de alta calidad que eleva la experiencia gastron\u00f3mica. Elaborado con una tortilla artesanal, relleno de jugosa carne seleccionada, queso fundido al estilo franc\u00e9s y una mezcla de salsas exclusivas, este taco es la opci\u00f3n perfecta para quienes buscan un sabor aut\u00e9ntico y sofisticado.<\/p>\n<p data-start=\"443\" data-end=\"750\">Ideal para los amantes de la comida gourmet, nuestro Taco Premium se diferencia por su cuidada elaboraci\u00f3n y su equilibrio perfecto entre tradici\u00f3n y creatividad. Disponible en nuestro local en <strong data-start=\"637\" data-end=\"649\">Benidorm<\/strong>, tambi\u00e9n puedes disfrutarlo en men\u00fa con guarnici\u00f3n y bebida para una experiencia a\u00fan m\u00e1s completa.<\/p>\n<p data-start=\"443\" data-end=\"750\">Los ingredientes que puedes a\u00f1adir al taco Premium son 2 a elegir entre:<\/p>\n<p data-start=\"443\" data-end=\"750\">-Salm\u00f3n ahumado<\/p>\n<p data-start=\"443\" data-end=\"750\">-Filete de ternera<\/p>\n<p data-start=\"443\" data-end=\"750\">-Queso de cabra<\/p>\n<p data-start=\"443\" data-end=\"750\">-Queso suizo curado<\/p>\n<p data-start=\"443\" data-end=\"750\">-Bacon crispy<\/p>\n<p data-start=\"443\" data-end=\"750\">Si quieres a\u00f1adir un ingredientes m\u00e1s, el precio subir\u00e1 0,50\u20ac por ingrediente.<\/p>\n<p data-start=\"752\" data-end=\"818\" data-is-last-node=\"\">\u00a1Ven a Taconsentio y prueba el mejor <strong data-start=\"789\" data-end=\"817\">taco gourmet en Benidorm<\/strong>!<\/p>","protected":false},"excerpt":{"rendered":"<p>Taco Premium de Taconsentio Descubre el Taco Premium de Taconsentio, una combinaci\u00f3n \u00fanica de ingredientes frescos y de alta calidad &hellip; <\/p>","protected":false},"featured_media":45,"comment_status":"open","ping_status":"closed","template":"","meta":[],"product_brand":[],"product_cat":[20],"product_tag":[],"class_list":{"0":"post-331","1":"product","2":"type-product","3":"status-publish","4":"has-post-thumbnail","6":"product_cat-taco-sin-menu","8":"first","9":"instock","10":"shipping-taxable","11":"purchasable","12":"product-type-simple"},"_links":{"self":[{"href":"https:\/\/taconsentio.comercioperemaria.com\/en\/wp-json\/wp\/v2\/product\/331","targetHints":{"allow":["GET"]}}],"collection":[{"href":"https:\/\/taconsentio.comercioperemaria.com\/en\/wp-json\/wp\/v2\/product"}],"about":[{"href":"https:\/\/taconsentio.comercioperemaria.com\/en\/wp-json\/wp\/v2\/types\/product"}],"replies":[{"embeddable":true,"href":"https:\/\/taconsentio.comercioperemaria.com\/en\/wp-json\/wp\/v2\/comments?post=331"}],"wp:featuredmedia":[{"embeddable":true,"href":"https:\/\/taconsentio.comercioperemaria.com\/en\/wp-json\/wp\/v2\/media\/45"}],"wp:attachment":[{"href":"https:\/\/taconsentio.comercioperemaria.com\/en\/wp-json\/wp\/v2\/media?parent=331"}],"wp:term":[{"taxonomy":"product_brand","embeddable":true,"href":"https:\/\/taconsentio.comercioperemaria.com\/en\/wp-json\/wp\/v2\/product_brand?post=331"},{"taxonomy":"product_cat","embeddable":true,"href":"https:\/\/taconsentio.comercioperemaria.com\/en\/wp-json\/wp\/v2\/product_cat?post=331"},{"taxonomy":"product_tag","embeddable":true,"href":"https:\/\/taconsentio.comercioperemaria.com\/en\/wp-json\/wp\/v2\/product_tag?post=331"}],"curies":[{"name":"wp","href":"https:\/\/api.w.org\/{rel}","templated":true}]}}