{"id":329,"date":"2025-02-18T18:26:08","date_gmt":"2025-02-18T18:26:08","guid":{"rendered":"https:\/\/taconsentio.comercioperemaria.com\/?post_type=product&#038;p=329"},"modified":"2025-02-18T22:06:48","modified_gmt":"2025-02-18T22:06:48","slug":"taco-clasico-de-taconsentio-autentico-sabor-en-benidorm","status":"publish","type":"product","link":"https:\/\/taconsentio.comercioperemaria.com\/en\/product\/taco-clasico-de-taconsentio-autentico-sabor-en-benidorm\/","title":{"rendered":"Taco individual"},"content":{"rendered":"<div class=\"flex max-w-full flex-col flex-grow\">\n<div class=\"min-h-8 text-message flex w-full flex-col items-end gap-2 whitespace-normal break-words text-start [.text-message+&amp;]:mt-5\" dir=\"auto\" data-message-author-role=\"assistant\" data-message-id=\"45b8207d-055c-47f7-b621-963e9c986b11\" data-message-model-slug=\"gpt-4o\">\n<div class=\"flex w-full flex-col gap-1 empty:hidden first:pt-[3px]\">\n<div class=\"markdown prose w-full break-words dark:prose-invert light\">\n<p data-start=\"0\" data-end=\"63\"><strong data-start=\"0\" data-end=\"61\">Taco Cl\u00e1sico de Taconsentio | Aut\u00e9ntico Sabor en Benidorm<\/strong><\/p>\n<p data-start=\"65\" data-end=\"364\">Nuestro <strong data-start=\"73\" data-end=\"89\">Taco Cl\u00e1sico<\/strong> es la opci\u00f3n perfecta para quienes buscan un equilibrio entre tradici\u00f3n y buen sabor. Elaborado con una <strong data-start=\"194\" data-end=\"216\">tortilla artesanal<\/strong>, relleno de <strong data-start=\"229\" data-end=\"253\">ingredientes frescos<\/strong> y acompa\u00f1ado de nuestras salsas especiales, este taco ofrece una combinaci\u00f3n sencilla pero llena de matices.<\/p>\n<p data-start=\"366\" data-end=\"585\">Ideal para cualquier momento del d\u00eda, el Taco Cl\u00e1sico mantiene la esencia de un buen taco con un toque \u00fanico. Disponible en nuestro local en <strong data-start=\"507\" data-end=\"519\">Benidorm<\/strong>, puedes disfrutarlo solo o como parte de uno de nuestros men\u00fas.<\/p>\n<p data-start=\"587\" data-end=\"690\" data-is-last-node=\"\">\u00a1Ven a Taconsentio y prueba el aut\u00e9ntico <strong data-start=\"628\" data-end=\"656\">taco cl\u00e1sico en Benidorm<\/strong> con un sabor que te har\u00e1 repetir!<\/p>\n<\/div>\n<\/div>\n<\/div>\n<\/div>","protected":false},"excerpt":{"rendered":"<p data-start=\"65\" data-end=\"364\">Nuestro <strong data-start=\"73\" data-end=\"89\">Taco Cl\u00e1sico<\/strong> es la opci\u00f3n perfecta para quienes buscan un equilibrio entre tradici\u00f3n y buen sabor. Elaborado con una <strong data-start=\"194\" data-end=\"216\">tortilla artesanal<\/strong>, relleno de <strong data-start=\"229\" data-end=\"253\">ingredientes frescos<\/strong> y acompa\u00f1ado de nuestras salsas especiales, este taco ofrece una combinaci\u00f3n sencilla pero llena de matices.<\/p>\n<p data-start=\"366\" data-end=\"585\">Ideal para cualquier momento del d\u00eda, el Taco Cl\u00e1sico mantiene la esencia de un buen taco con un toque \u00fanico. Disponible en nuestro local en <strong data-start=\"507\" data-end=\"519\">Benidorm<\/strong>, puedes disfrutarlo solo o como parte de uno de nuestros men\u00fas.<\/p>","protected":false},"featured_media":46,"comment_status":"open","ping_status":"closed","template":"","meta":[],"product_brand":[],"product_cat":[20],"product_tag":[],"class_list":{"0":"post-329","1":"product","2":"type-product","3":"status-publish","4":"has-post-thumbnail","6":"product_cat-taco-sin-menu","8":"first","9":"instock","10":"shipping-taxable","11":"purchasable","12":"product-type-simple"},"_links":{"self":[{"href":"https:\/\/taconsentio.comercioperemaria.com\/en\/wp-json\/wp\/v2\/product\/329","targetHints":{"allow":["GET"]}}],"collection":[{"href":"https:\/\/taconsentio.comercioperemaria.com\/en\/wp-json\/wp\/v2\/product"}],"about":[{"href":"https:\/\/taconsentio.comercioperemaria.com\/en\/wp-json\/wp\/v2\/types\/product"}],"replies":[{"embeddable":true,"href":"https:\/\/taconsentio.comercioperemaria.com\/en\/wp-json\/wp\/v2\/comments?post=329"}],"wp:featuredmedia":[{"embeddable":true,"href":"https:\/\/taconsentio.comercioperemaria.com\/en\/wp-json\/wp\/v2\/media\/46"}],"wp:attachment":[{"href":"https:\/\/taconsentio.comercioperemaria.com\/en\/wp-json\/wp\/v2\/media?parent=329"}],"wp:term":[{"taxonomy":"product_brand","embeddable":true,"href":"https:\/\/taconsentio.comercioperemaria.com\/en\/wp-json\/wp\/v2\/product_brand?post=329"},{"taxonomy":"product_cat","embeddable":true,"href":"https:\/\/taconsentio.comercioperemaria.com\/en\/wp-json\/wp\/v2\/product_cat?post=329"},{"taxonomy":"product_tag","embeddable":true,"href":"https:\/\/taconsentio.comercioperemaria.com\/en\/wp-json\/wp\/v2\/product_tag?post=329"}],"curies":[{"name":"wp","href":"https:\/\/api.w.org\/{rel}","templated":true}]}}